{"id":10380,"date":"2024-10-31T11:53:06","date_gmt":"2024-10-31T11:53:06","guid":{"rendered":"https:\/\/www.fussball-trifft-kultur.de\/?page_id=10380"},"modified":"2024-12-04T13:36:09","modified_gmt":"2024-12-04T13:36:09","slug":"latest-news","status":"publish","type":"page","link":"https:\/\/www.fussball-trifft-kultur.de\/en\/who-we-support-2\/latest-news\/","title":{"rendered":"Activities &amp; Challenges"},"content":{"rendered":"\t\t<div data-elementor-type=\"wp-page\" data-elementor-id=\"10380\" class=\"elementor elementor-10380 elementor-10379\">\n\t\t\t\t<div class=\"elementor-element elementor-element-eeb6b45 e-flex e-con-boxed e-con e-parent\" data-id=\"eeb6b45\" data-element_type=\"container\" data-settings=\"{&quot;background_background&quot;:&quot;classic&quot;}\">\n\t\t\t\t\t<div class=\"e-con-inner\">\n\t\t\t\t<div class=\"elementor-element elementor-element-597e9bc elementor-widget__width-inherit elementor-widget elementor-widget-heading\" data-id=\"597e9bc\" data-element_type=\"widget\" data-widget_type=\"heading.default\">\n\t\t\t\t<div class=\"elementor-widget-container\">\n\t\t\t\t\t<h1 class=\"elementor-heading-title elementor-size-default\">Activities &amp; Challenges<\/h1>\t\t\t\t<\/div>\n\t\t\t\t<\/div>\n\t\t\t\t\t<\/div>\n\t\t\t\t<\/div>\n\t\t<div class=\"elementor-element elementor-element-5836aba e-flex e-con-boxed e-con e-parent\" data-id=\"5836aba\" data-element_type=\"container\">\n\t\t\t\t\t<div class=\"e-con-inner\">\n\t\t\t\t<div class=\"elementor-element elementor-element-1e92649 elementor-align-center elementor-widget elementor-widget-raven-breadcrumbs\" data-id=\"1e92649\" data-element_type=\"widget\" data-widget_type=\"raven-breadcrumbs.default\">\n\t\t\t\t<div class=\"elementor-widget-container\">\n\t\t\t\t\t<div class=\"raven-breadcrumbs raven-breadcrumbs-default\"><div class=\"breadcrumb\">\t\t\t\t<div class=\"breadcrumb-item active\" aria-current=\"page\"><span>Home<\/span><\/div>\n\n\t\t\t\t<\/div><\/div>\t\t\t\t<\/div>\n\t\t\t\t<\/div>\n\t\t\t\t\t<\/div>\n\t\t\t\t<\/div>\n\t\t<div class=\"elementor-element elementor-element-8fe6006 e-flex e-con-boxed e-con e-parent\" data-id=\"8fe6006\" data-element_type=\"container\">\n\t\t\t\t\t<div class=\"e-con-inner\">\n\t\t\t\t<div class=\"elementor-element elementor-element-e9333d7 raven-hover-scale-up raven-button-align-left elementor-widget elementor-widget-raven-posts\" data-id=\"e9333d7\" data-element_type=\"widget\" data-settings=\"{&quot;classic_show_pagination&quot;:&quot;yes&quot;,&quot;classic_columns&quot;:&quot;2&quot;,&quot;_skin&quot;:&quot;classic&quot;,&quot;classic_layout&quot;:&quot;grid&quot;,&quot;classic_columns_tablet&quot;:&quot;2&quot;,&quot;classic_columns_mobile&quot;:&quot;1&quot;,&quot;query_posts_per_page&quot;:6,&quot;classic_pagination_type&quot;:&quot;page_based&quot;,&quot;query_offset&quot;:0}\" data-widget_type=\"raven-posts.classic\">\n\t\t\t\t<div class=\"elementor-widget-container\">\n\t\t\t\t\t\t\t<div class=\"raven-posts raven-grid raven-grid-2 raven-grid-mobile-1 raven-grid-tablet-2\" data-post-id=\"10380\" data-archive-query=\"\" data-lang=\"\">\n\t\t\t\t<div class=\"raven-grid-item raven-post-item post-13374 post type-post status-publish format-standard has-post-thumbnail hentry category-activities-challenges category-final-tournament category-latest-news\">\n\t\t\t<div class=\"raven-post\">\n\t\t\t\t\t\t<div class=\"raven-post-image-wrap\">\n\t\t\t<a class=\"raven-post-image raven-image-fit\" href=\"https:\/\/www.fussball-trifft-kultur.de\/en\/the-fussball-trifft-kultur-em24-challenge\/\"><img fetchpriority=\"high\" decoding=\"async\" width=\"1024\" height=\"695\" src=\"https:\/\/www.fussball-trifft-kultur.de\/wp-content\/uploads\/WIT_7026-1024x695.jpg\" class=\"attachment-large size-large wp-image-13377\" alt=\"\" srcset=\"https:\/\/www.fussball-trifft-kultur.de\/wp-content\/uploads\/WIT_7026-1024x695.jpg 1024w, https:\/\/www.fussball-trifft-kultur.de\/wp-content\/uploads\/WIT_7026-300x204.jpg 300w, https:\/\/www.fussball-trifft-kultur.de\/wp-content\/uploads\/WIT_7026-768x521.jpg 768w, https:\/\/www.fussball-trifft-kultur.de\/wp-content\/uploads\/WIT_7026-1536x1042.jpg 1536w, https:\/\/www.fussball-trifft-kultur.de\/wp-content\/uploads\/WIT_7026-2048x1390.jpg 2048w\" sizes=\"(max-width: 1024px) 100vw, 1024px\" \/> <span class=\"raven-post-image-overlay\"><\/span><\/a>\t\t<\/div>\n\t\t\t\t\t\t<div class=\"raven-post-content\">\n\t\t\t\t\t\t\t<div class=\"raven-post-meta\"><a class=\"raven-post-meta-item raven-post-date\" href=\"https:\/\/www.fussball-trifft-kultur.de\/en\/2025\/06\/\" rel=\"bookmark\">25. June 2025<\/a>\n<span class=\"raven-post-meta-divider\">\/<\/span>\n<span class=\"raven-post-meta-item raven-post-categories\"><a href=\"https:\/\/www.fussball-trifft-kultur.de\/en\/category\/activities-challenges\/\" rel=\"tag\">Activities &amp; Challenges<\/a>, <a href=\"https:\/\/www.fussball-trifft-kultur.de\/en\/category\/final-tournament\/\" rel=\"tag\">Final tournament<\/a>, <a href=\"https:\/\/www.fussball-trifft-kultur.de\/en\/category\/latest-news\/\" rel=\"tag\">Latest news<\/a><\/span><\/div>\n\t\t<h2 class=\"raven-post-title\"><a class=\"raven-post-title-link\" href=\"https:\/\/www.fussball-trifft-kultur.de\/en\/the-fussball-trifft-kultur-em24-challenge\/\">The &#8220;Fu\u00dfball trifft Kultur&#8221; EM24 Challenge<\/a><\/h2><div class=\"raven-post-excerpt\">The European Men&#8217;s Football Championship will take place in Germany in 2024! This is an opportunity for us to give our<\/div>\t\t<div class=\"raven-post-read-more\">\n\t\t\t<a class=\"raven-post-button\" href=\"https:\/\/www.fussball-trifft-kultur.de\/en\/the-fussball-trifft-kultur-em24-challenge\/\"><span class=\"raven-post-button-text\">Read more<\/span><\/a>\n\t\t<\/div>\n\t\t\t\t\t\t<\/div>\n\t\t\t<\/div>\n\t\t<\/div>\n\t\t\t\t<div class=\"raven-grid-item raven-post-item post-11785 post type-post status-publish format-standard has-post-thumbnail hentry category-activities-challenges\">\n\t\t\t<div class=\"raven-post\">\n\t\t\t\t\t\t<div class=\"raven-post-image-wrap\">\n\t\t\t<a class=\"raven-post-image raven-image-fit\" href=\"https:\/\/www.fussball-trifft-kultur.de\/en\/final-tournament-of-fussball-trifft-kultur-with-over-600-children-from-23-cities-5\/\"><img decoding=\"async\" width=\"1024\" height=\"682\" src=\"https:\/\/www.fussball-trifft-kultur.de\/wp-content\/uploads\/EM24-Challenge-Siegerehrung-3-1024x682.webp\" class=\"attachment-large size-large wp-image-11751\" alt=\"Die &quot;Fu\u00dfball trifft Kultur&quot; EM24 Challenge\" srcset=\"https:\/\/www.fussball-trifft-kultur.de\/wp-content\/uploads\/EM24-Challenge-Siegerehrung-3-1024x682.webp 1024w, https:\/\/www.fussball-trifft-kultur.de\/wp-content\/uploads\/EM24-Challenge-Siegerehrung-3-300x200.webp 300w, https:\/\/www.fussball-trifft-kultur.de\/wp-content\/uploads\/EM24-Challenge-Siegerehrung-3-768x512.webp 768w, https:\/\/www.fussball-trifft-kultur.de\/wp-content\/uploads\/EM24-Challenge-Siegerehrung-3.webp 1240w\" sizes=\"(max-width: 1024px) 100vw, 1024px\" \/> <span class=\"raven-post-image-overlay\"><\/span><\/a>\t\t<\/div>\n\t\t\t\t\t\t<div class=\"raven-post-content\">\n\t\t\t\t\t\t\t<div class=\"raven-post-meta\"><a class=\"raven-post-meta-item raven-post-date\" href=\"https:\/\/www.fussball-trifft-kultur.de\/en\/2024\/11\/\" rel=\"bookmark\">26. November 2024<\/a>\n<span class=\"raven-post-meta-divider\">\/<\/span>\n<span class=\"raven-post-meta-item raven-post-categories\"><a href=\"https:\/\/www.fussball-trifft-kultur.de\/en\/category\/activities-challenges\/\" rel=\"tag\">Activities &amp; Challenges<\/a><\/span><\/div>\n\t\t<h2 class=\"raven-post-title\"><a class=\"raven-post-title-link\" href=\"https:\/\/www.fussball-trifft-kultur.de\/en\/final-tournament-of-fussball-trifft-kultur-with-over-600-children-from-23-cities-5\/\">The &#8220;Fu\u00dfball trifft Kultur&#8221; EM24 Challenge<\/a><\/h2><div class=\"raven-post-excerpt\">The European Men&#8217;s Football Championship will take place in Germany in 2024! This is an opportunity for us to give our<\/div>\t\t<div class=\"raven-post-read-more\">\n\t\t\t<a class=\"raven-post-button\" href=\"https:\/\/www.fussball-trifft-kultur.de\/en\/final-tournament-of-fussball-trifft-kultur-with-over-600-children-from-23-cities-5\/\"><span class=\"raven-post-button-text\">Read more<\/span><\/a>\n\t\t<\/div>\n\t\t\t\t\t\t<\/div>\n\t\t\t<\/div>\n\t\t<\/div>\n\t\t\t\t<div class=\"raven-grid-item raven-post-item post-11738 post type-post status-publish format-standard has-post-thumbnail hentry category-activities-challenges\">\n\t\t\t<div class=\"raven-post\">\n\t\t\t\t\t\t<div class=\"raven-post-image-wrap\">\n\t\t\t<a class=\"raven-post-image raven-image-fit\" href=\"https:\/\/www.fussball-trifft-kultur.de\/en\/final-tournament-of-fussball-trifft-kultur-with-over-600-children-from-23-cities-4\/\"><img decoding=\"async\" width=\"1024\" height=\"768\" src=\"https:\/\/www.fussball-trifft-kultur.de\/wp-content\/uploads\/Schwerpunktthema-Nachhaltigkeit-3-1024x768.webp\" class=\"attachment-large size-large wp-image-11743\" alt=\"Schwerpunktthema Nachhaltigkeit\" srcset=\"https:\/\/www.fussball-trifft-kultur.de\/wp-content\/uploads\/Schwerpunktthema-Nachhaltigkeit-3-1024x768.webp 1024w, https:\/\/www.fussball-trifft-kultur.de\/wp-content\/uploads\/Schwerpunktthema-Nachhaltigkeit-3-300x225.webp 300w, https:\/\/www.fussball-trifft-kultur.de\/wp-content\/uploads\/Schwerpunktthema-Nachhaltigkeit-3-768x576.webp 768w, https:\/\/www.fussball-trifft-kultur.de\/wp-content\/uploads\/Schwerpunktthema-Nachhaltigkeit-3.webp 1240w\" sizes=\"(max-width: 1024px) 100vw, 1024px\" \/> <span class=\"raven-post-image-overlay\"><\/span><\/a>\t\t<\/div>\n\t\t\t\t\t\t<div class=\"raven-post-content\">\n\t\t\t\t\t\t\t<div class=\"raven-post-meta\"><a class=\"raven-post-meta-item raven-post-date\" href=\"https:\/\/www.fussball-trifft-kultur.de\/en\/2024\/11\/\" rel=\"bookmark\">26. November 2024<\/a>\n<span class=\"raven-post-meta-divider\">\/<\/span>\n<span class=\"raven-post-meta-item raven-post-categories\"><a href=\"https:\/\/www.fussball-trifft-kultur.de\/en\/category\/activities-challenges\/\" rel=\"tag\">Activities &amp; Challenges<\/a><\/span><\/div>\n\t\t<h2 class=\"raven-post-title\"><a class=\"raven-post-title-link\" href=\"https:\/\/www.fussball-trifft-kultur.de\/en\/final-tournament-of-fussball-trifft-kultur-with-over-600-children-from-23-cities-4\/\">Fu\u00dfball trifft Kultur &#8211; Sustainability in the clubs<\/a><\/h2><div class=\"raven-post-excerpt\">Implementation of the key topic of sustainability in the programs From January 2023, our program groups focused on the topic of<\/div>\t\t<div class=\"raven-post-read-more\">\n\t\t\t<a class=\"raven-post-button\" href=\"https:\/\/www.fussball-trifft-kultur.de\/en\/final-tournament-of-fussball-trifft-kultur-with-over-600-children-from-23-cities-4\/\"><span class=\"raven-post-button-text\">Read more<\/span><\/a>\n\t\t<\/div>\n\t\t\t\t\t\t<\/div>\n\t\t\t<\/div>\n\t\t<\/div>\n\t\t\t\t<\/div>\n\t\t\t\t\t\t<\/div>\n\t\t\t\t<\/div>\n\t\t\t\t\t<\/div>\n\t\t\t\t<\/div>\n\t\t<div class=\"elementor-element elementor-element-9f73ac0 e-flex e-con-boxed e-con e-parent\" data-id=\"9f73ac0\" data-element_type=\"container\">\n\t\t\t\t\t<div class=\"e-con-inner\">\n\t\t\t\t<div class=\"elementor-element elementor-element-acaa187 elementor-widget elementor-widget-spacer\" data-id=\"acaa187\" data-element_type=\"widget\" data-widget_type=\"spacer.default\">\n\t\t\t\t<div class=\"elementor-widget-container\">\n\t\t\t\t\t\t\t<div class=\"elementor-spacer\">\n\t\t\t<div class=\"elementor-spacer-inner\"><\/div>\n\t\t<\/div>\n\t\t\t\t\t\t<\/div>\n\t\t\t\t<\/div>\n\t\t\t\t\t<\/div>\n\t\t\t\t<\/div>\n\t\t\t\t<\/div>\n\t\t","protected":false},"excerpt":{"rendered":"<p>Activities &amp; Challenges Home 26. November 2024 \/ Aktivit\u00e4ten &amp; Challenges Die \u201eFu\u00dfball trifft Kultur\u201c EM24 Challenge Im Jahr 2024 findet die Fu\u00dfballeuropameisterschaft der M\u00e4nner in Deutschland statt! Das ist f\u00fcr uns Anlass, unseren FtK-Programmgruppen eine besondere Challenge Read more 26. November 2024 \/ Aktivit\u00e4ten &amp; Challenges Fu\u00dfball trifft Kultur \u2013 Nachhaltigkeit in den Clubs [&hellip;]<\/p>\n","protected":false},"author":1,"featured_media":0,"parent":10406,"menu_order":0,"comment_status":"closed","ping_status":"closed","template":"full-width.php","meta":{"_acf_changed":false,"footnotes":""},"class_list":["post-10380","page","type-page","status-publish","hentry"],"acf":[],"aioseo_notices":[],"_links":{"self":[{"href":"https:\/\/www.fussball-trifft-kultur.de\/en\/wp-json\/wp\/v2\/pages\/10380","targetHints":{"allow":["GET"]}}],"collection":[{"href":"https:\/\/www.fussball-trifft-kultur.de\/en\/wp-json\/wp\/v2\/pages"}],"about":[{"href":"https:\/\/www.fussball-trifft-kultur.de\/en\/wp-json\/wp\/v2\/types\/page"}],"author":[{"embeddable":true,"href":"https:\/\/www.fussball-trifft-kultur.de\/en\/wp-json\/wp\/v2\/users\/1"}],"replies":[{"embeddable":true,"href":"https:\/\/www.fussball-trifft-kultur.de\/en\/wp-json\/wp\/v2\/comments?post=10380"}],"version-history":[{"count":0,"href":"https:\/\/www.fussball-trifft-kultur.de\/en\/wp-json\/wp\/v2\/pages\/10380\/revisions"}],"up":[{"embeddable":true,"href":"https:\/\/www.fussball-trifft-kultur.de\/en\/wp-json\/wp\/v2\/pages\/10406"}],"wp:attachment":[{"href":"https:\/\/www.fussball-trifft-kultur.de\/en\/wp-json\/wp\/v2\/media?parent=10380"}],"curies":[{"name":"wp","href":"https:\/\/api.w.org\/{rel}","templated":true}]}}