{"id":8252,"date":"2024-07-02T12:42:51","date_gmt":"2024-07-02T12:42:51","guid":{"rendered":"https:\/\/www.fussball-trifft-kultur.de\/latest-news\/"},"modified":"2024-12-04T13:33:11","modified_gmt":"2024-12-04T13:33:11","slug":"latest-news","status":"publish","type":"page","link":"https:\/\/www.fussball-trifft-kultur.de\/en\/latest-news\/","title":{"rendered":"Latest news"},"content":{"rendered":"\t\t<div data-elementor-type=\"wp-page\" data-elementor-id=\"8252\" class=\"elementor elementor-8252 elementor-2494\">\n\t\t\t\t<div class=\"elementor-element elementor-element-eeb6b45 e-flex e-con-boxed e-con e-parent\" data-id=\"eeb6b45\" data-element_type=\"container\" data-settings=\"{&quot;background_background&quot;:&quot;classic&quot;}\">\n\t\t\t\t\t<div class=\"e-con-inner\">\n\t\t\t\t<div class=\"elementor-element elementor-element-597e9bc elementor-widget__width-inherit elementor-widget elementor-widget-heading\" data-id=\"597e9bc\" data-element_type=\"widget\" data-widget_type=\"heading.default\">\n\t\t\t\t<div class=\"elementor-widget-container\">\n\t\t\t\t\t<h1 class=\"elementor-heading-title elementor-size-default\">Latest news<\/h1>\t\t\t\t<\/div>\n\t\t\t\t<\/div>\n\t\t\t\t\t<\/div>\n\t\t\t\t<\/div>\n\t\t<div class=\"elementor-element elementor-element-5836aba e-flex e-con-boxed e-con e-parent\" data-id=\"5836aba\" data-element_type=\"container\">\n\t\t\t\t\t<div class=\"e-con-inner\">\n\t\t\t\t<div class=\"elementor-element elementor-element-1e92649 elementor-align-center elementor-widget elementor-widget-raven-breadcrumbs\" data-id=\"1e92649\" data-element_type=\"widget\" data-widget_type=\"raven-breadcrumbs.default\">\n\t\t\t\t<div class=\"elementor-widget-container\">\n\t\t\t\t\t<div class=\"raven-breadcrumbs raven-breadcrumbs-default\"><div class=\"breadcrumb\">\t\t\t\t<div class=\"breadcrumb-item active\" aria-current=\"page\"><span>Home<\/span><\/div>\n\n\t\t\t\t<\/div><\/div>\t\t\t\t<\/div>\n\t\t\t\t<\/div>\n\t\t\t\t\t<\/div>\n\t\t\t\t<\/div>\n\t\t<div class=\"elementor-element elementor-element-8fe6006 e-flex e-con-boxed e-con e-parent\" data-id=\"8fe6006\" data-element_type=\"container\">\n\t\t\t\t\t<div class=\"e-con-inner\">\n\t\t\t\t<div class=\"elementor-element elementor-element-e9333d7 raven-hover-scale-up raven-button-align-left elementor-widget elementor-widget-raven-posts\" data-id=\"e9333d7\" data-element_type=\"widget\" data-settings=\"{&quot;classic_show_pagination&quot;:&quot;yes&quot;,&quot;_skin&quot;:&quot;classic&quot;,&quot;classic_layout&quot;:&quot;grid&quot;,&quot;classic_columns&quot;:&quot;3&quot;,&quot;classic_columns_tablet&quot;:&quot;2&quot;,&quot;classic_columns_mobile&quot;:&quot;1&quot;,&quot;query_posts_per_page&quot;:6,&quot;classic_pagination_type&quot;:&quot;page_based&quot;,&quot;query_offset&quot;:0}\" data-widget_type=\"raven-posts.classic\">\n\t\t\t\t<div class=\"elementor-widget-container\">\n\t\t\t\t\t\t\t<div class=\"raven-posts raven-grid raven-grid-3 raven-grid-mobile-1 raven-grid-tablet-2\" data-post-id=\"8252\" data-archive-query=\"\" data-lang=\"\">\n\t\t\t\t<div class=\"raven-grid-item raven-post-item post-15254 post type-post status-publish format-standard has-post-thumbnail hentry category-activities-challenges category-final-tournament category-fussball-trifft-kultur-en category-latest-news tag-ftk-wm-challenge tag-fussball-trifft-kultur tag-world-championship\">\n\t\t\t<div class=\"raven-post\">\n\t\t\t\t\t\t<div class=\"raven-post-image-wrap\">\n\t\t\t<a class=\"raven-post-image raven-image-fit\" href=\"https:\/\/www.fussball-trifft-kultur.de\/en\/the-fussball-trifft-kultur-world-cup-26-challenge\/\"><img fetchpriority=\"high\" decoding=\"async\" width=\"1024\" height=\"683\" src=\"https:\/\/www.fussball-trifft-kultur.de\/wp-content\/uploads\/1070821-c-Patrick-Klaus-1024x683.jpg\" class=\"attachment-large size-large wp-image-15255\" alt=\"\" srcset=\"https:\/\/www.fussball-trifft-kultur.de\/wp-content\/uploads\/1070821-c-Patrick-Klaus-1024x683.jpg 1024w, https:\/\/www.fussball-trifft-kultur.de\/wp-content\/uploads\/1070821-c-Patrick-Klaus-300x200.jpg 300w, https:\/\/www.fussball-trifft-kultur.de\/wp-content\/uploads\/1070821-c-Patrick-Klaus-768x512.jpg 768w, https:\/\/www.fussball-trifft-kultur.de\/wp-content\/uploads\/1070821-c-Patrick-Klaus-1536x1024.jpg 1536w, https:\/\/www.fussball-trifft-kultur.de\/wp-content\/uploads\/1070821-c-Patrick-Klaus-2048x1365.jpg 2048w\" sizes=\"(max-width: 1024px) 100vw, 1024px\" \/> <span class=\"raven-post-image-overlay\"><\/span><\/a>\t\t<\/div>\n\t\t\t\t\t\t<div class=\"raven-post-content\">\n\t\t\t\t\t\t\t<div class=\"raven-post-meta\"><a class=\"raven-post-meta-item raven-post-date\" href=\"https:\/\/www.fussball-trifft-kultur.de\/en\/2026\/04\/\" rel=\"bookmark\">23. April 2026<\/a>\n<span class=\"raven-post-meta-divider\">\/<\/span>\n<span class=\"raven-post-meta-item raven-post-categories\"><a href=\"https:\/\/www.fussball-trifft-kultur.de\/en\/category\/activities-challenges\/\" rel=\"tag\">Activities &amp; Challenges<\/a>, <a href=\"https:\/\/www.fussball-trifft-kultur.de\/en\/category\/final-tournament\/\" rel=\"tag\">Final tournament<\/a>, <a href=\"https:\/\/www.fussball-trifft-kultur.de\/en\/category\/fussball-trifft-kultur-en\/\" rel=\"tag\">Fu\u00dfball trifft Kultur<\/a>, <a href=\"https:\/\/www.fussball-trifft-kultur.de\/en\/category\/latest-news\/\" rel=\"tag\">Latest news<\/a><\/span><\/div>\n\t\t<h2 class=\"raven-post-title\"><a class=\"raven-post-title-link\" href=\"https:\/\/www.fussball-trifft-kultur.de\/en\/the-fussball-trifft-kultur-world-cup-26-challenge\/\">The &#8220;Fu\u00dfball trifft Kultur&#8221; World Cup 26 Challenge<\/a><\/h2><div class=\"raven-post-excerpt\">The &#8220;Fu\u00dfball trifft Kultur&#8221; World Cup 26 Challenge The &#8220;Fu\u00dfball trifft Kultur Final Tournament&#8221; will take place on June 13 and<\/div>\t\t<div class=\"raven-post-read-more\">\n\t\t\t<a class=\"raven-post-button\" href=\"https:\/\/www.fussball-trifft-kultur.de\/en\/the-fussball-trifft-kultur-world-cup-26-challenge\/\"><span class=\"raven-post-button-text\">Read more<\/span><\/a>\n\t\t<\/div>\n\t\t\t\t\t\t<\/div>\n\t\t\t<\/div>\n\t\t<\/div>\n\t\t\t\t<div class=\"raven-grid-item raven-post-item post-14634 post type-post status-publish format-standard has-post-thumbnail hentry category-latest-news tag-education tag-effect tag-fussball-trifft-kultur tag-impact-analysis tag-soccer\">\n\t\t\t<div class=\"raven-post\">\n\t\t\t\t\t\t<div class=\"raven-post-image-wrap\">\n\t\t\t<a class=\"raven-post-image raven-image-fit\" href=\"https:\/\/www.fussball-trifft-kultur.de\/en\/the-fussball-trifft-kultur-em24-challenge-3\/\"><img decoding=\"async\" width=\"724\" height=\"1024\" src=\"https:\/\/www.fussball-trifft-kultur.de\/wp-content\/uploads\/Wirkungsanalyse-Fussball-trifft-Kultur-20242025-724x1024.jpg\" class=\"attachment-large size-large wp-image-14637\" alt=\"\" srcset=\"https:\/\/www.fussball-trifft-kultur.de\/wp-content\/uploads\/Wirkungsanalyse-Fussball-trifft-Kultur-20242025-724x1024.jpg 724w, https:\/\/www.fussball-trifft-kultur.de\/wp-content\/uploads\/Wirkungsanalyse-Fussball-trifft-Kultur-20242025-212x300.jpg 212w, https:\/\/www.fussball-trifft-kultur.de\/wp-content\/uploads\/Wirkungsanalyse-Fussball-trifft-Kultur-20242025-768x1086.jpg 768w, https:\/\/www.fussball-trifft-kultur.de\/wp-content\/uploads\/Wirkungsanalyse-Fussball-trifft-Kultur-20242025-1086x1536.jpg 1086w, https:\/\/www.fussball-trifft-kultur.de\/wp-content\/uploads\/Wirkungsanalyse-Fussball-trifft-Kultur-20242025.jpg 1414w\" sizes=\"(max-width: 724px) 100vw, 724px\" \/> <span class=\"raven-post-image-overlay\"><\/span><\/a>\t\t<\/div>\n\t\t\t\t\t\t<div class=\"raven-post-content\">\n\t\t\t\t\t\t\t<div class=\"raven-post-meta\"><a class=\"raven-post-meta-item raven-post-date\" href=\"https:\/\/www.fussball-trifft-kultur.de\/en\/2025\/11\/\" rel=\"bookmark\">6. November 2025<\/a>\n<span class=\"raven-post-meta-divider\">\/<\/span>\n<span class=\"raven-post-meta-item raven-post-categories\"><a href=\"https:\/\/www.fussball-trifft-kultur.de\/en\/category\/latest-news\/\" rel=\"tag\">Latest news<\/a><\/span><\/div>\n\t\t<h2 class=\"raven-post-title\"><a class=\"raven-post-title-link\" href=\"https:\/\/www.fussball-trifft-kultur.de\/en\/the-fussball-trifft-kultur-em24-challenge-3\/\">&#8220;Fu\u00dfball trifft Kultur&#8221;: Impact analysis 2024\/25 is here!<\/a><\/h2><div class=\"raven-post-excerpt\">Our impact analysis for &#8220;Fu\u00dfball trifft Kultur&#8221; in the 2024\/25 school year is here! We published our report today, taking a<\/div>\t\t<div class=\"raven-post-read-more\">\n\t\t\t<a class=\"raven-post-button\" href=\"https:\/\/www.fussball-trifft-kultur.de\/en\/the-fussball-trifft-kultur-em24-challenge-3\/\"><span class=\"raven-post-button-text\">Read more<\/span><\/a>\n\t\t<\/div>\n\t\t\t\t\t\t<\/div>\n\t\t\t<\/div>\n\t\t<\/div>\n\t\t\t\t<div class=\"raven-grid-item raven-post-item post-14184 post type-post status-publish format-standard has-post-thumbnail hentry category-latest-news\">\n\t\t\t<div class=\"raven-post\">\n\t\t\t\t\t\t<div class=\"raven-post-image-wrap\">\n\t\t\t<a class=\"raven-post-image raven-image-fit\" href=\"https:\/\/www.fussball-trifft-kultur.de\/en\/the-fussball-trifft-kultur-em24-challenge-2\/\"><img decoding=\"async\" width=\"400\" height=\"300\" src=\"https:\/\/www.fussball-trifft-kultur.de\/wp-content\/uploads\/Logo_DeutschePostcodeLotterie_1000.webp\" class=\"attachment-large size-large wp-image-12818\" alt=\"\" srcset=\"https:\/\/www.fussball-trifft-kultur.de\/wp-content\/uploads\/Logo_DeutschePostcodeLotterie_1000.webp 400w, https:\/\/www.fussball-trifft-kultur.de\/wp-content\/uploads\/Logo_DeutschePostcodeLotterie_1000-300x225.webp 300w\" sizes=\"(max-width: 400px) 100vw, 400px\" \/> <span class=\"raven-post-image-overlay\"><\/span><\/a>\t\t<\/div>\n\t\t\t\t\t\t<div class=\"raven-post-content\">\n\t\t\t\t\t\t\t<div class=\"raven-post-meta\"><a class=\"raven-post-meta-item raven-post-date\" href=\"https:\/\/www.fussball-trifft-kultur.de\/en\/2025\/08\/\" rel=\"bookmark\">26. August 2025<\/a>\n<span class=\"raven-post-meta-divider\">\/<\/span>\n<span class=\"raven-post-meta-item raven-post-categories\"><a href=\"https:\/\/www.fussball-trifft-kultur.de\/en\/category\/latest-news\/\" rel=\"tag\">Latest news<\/a><\/span><\/div>\n\t\t<h2 class=\"raven-post-title\"><a class=\"raven-post-title-link\" href=\"https:\/\/www.fussball-trifft-kultur.de\/en\/the-fussball-trifft-kultur-em24-challenge-2\/\">The &#8220;Fu\u00dfball trifft Kultur&#8221; EM24 Challenge<\/a><\/h2><div class=\"raven-post-excerpt\">The European Men&#8217;s Football Championship will take place in Germany in 2024! This is an opportunity for us to give our<\/div>\t\t<div class=\"raven-post-read-more\">\n\t\t\t<a class=\"raven-post-button\" href=\"https:\/\/www.fussball-trifft-kultur.de\/en\/the-fussball-trifft-kultur-em24-challenge-2\/\"><span class=\"raven-post-button-text\">Read more<\/span><\/a>\n\t\t<\/div>\n\t\t\t\t\t\t<\/div>\n\t\t\t<\/div>\n\t\t<\/div>\n\t\t\t\t<div class=\"raven-grid-item raven-post-item post-13374 post type-post status-publish format-standard has-post-thumbnail hentry category-activities-challenges category-final-tournament category-latest-news\">\n\t\t\t<div class=\"raven-post\">\n\t\t\t\t\t\t<div class=\"raven-post-image-wrap\">\n\t\t\t<a class=\"raven-post-image raven-image-fit\" href=\"https:\/\/www.fussball-trifft-kultur.de\/en\/the-fussball-trifft-kultur-em24-challenge\/\"><img loading=\"lazy\" decoding=\"async\" width=\"1024\" height=\"695\" src=\"https:\/\/www.fussball-trifft-kultur.de\/wp-content\/uploads\/WIT_7026-1024x695.jpg\" class=\"attachment-large size-large wp-image-13377\" alt=\"\" srcset=\"https:\/\/www.fussball-trifft-kultur.de\/wp-content\/uploads\/WIT_7026-1024x695.jpg 1024w, https:\/\/www.fussball-trifft-kultur.de\/wp-content\/uploads\/WIT_7026-300x204.jpg 300w, https:\/\/www.fussball-trifft-kultur.de\/wp-content\/uploads\/WIT_7026-768x521.jpg 768w, https:\/\/www.fussball-trifft-kultur.de\/wp-content\/uploads\/WIT_7026-1536x1042.jpg 1536w, https:\/\/www.fussball-trifft-kultur.de\/wp-content\/uploads\/WIT_7026-2048x1390.jpg 2048w\" sizes=\"(max-width: 1024px) 100vw, 1024px\" \/> <span class=\"raven-post-image-overlay\"><\/span><\/a>\t\t<\/div>\n\t\t\t\t\t\t<div class=\"raven-post-content\">\n\t\t\t\t\t\t\t<div class=\"raven-post-meta\"><a class=\"raven-post-meta-item raven-post-date\" href=\"https:\/\/www.fussball-trifft-kultur.de\/en\/2025\/06\/\" rel=\"bookmark\">25. June 2025<\/a>\n<span class=\"raven-post-meta-divider\">\/<\/span>\n<span class=\"raven-post-meta-item raven-post-categories\"><a href=\"https:\/\/www.fussball-trifft-kultur.de\/en\/category\/activities-challenges\/\" rel=\"tag\">Activities &amp; Challenges<\/a>, <a href=\"https:\/\/www.fussball-trifft-kultur.de\/en\/category\/final-tournament\/\" rel=\"tag\">Final tournament<\/a>, <a href=\"https:\/\/www.fussball-trifft-kultur.de\/en\/category\/latest-news\/\" rel=\"tag\">Latest news<\/a><\/span><\/div>\n\t\t<h2 class=\"raven-post-title\"><a class=\"raven-post-title-link\" href=\"https:\/\/www.fussball-trifft-kultur.de\/en\/the-fussball-trifft-kultur-em24-challenge\/\">The &#8220;Fu\u00dfball trifft Kultur&#8221; EM24 Challenge<\/a><\/h2><div class=\"raven-post-excerpt\">The European Men&#8217;s Football Championship will take place in Germany in 2024! This is an opportunity for us to give our<\/div>\t\t<div class=\"raven-post-read-more\">\n\t\t\t<a class=\"raven-post-button\" href=\"https:\/\/www.fussball-trifft-kultur.de\/en\/the-fussball-trifft-kultur-em24-challenge\/\"><span class=\"raven-post-button-text\">Read more<\/span><\/a>\n\t\t<\/div>\n\t\t\t\t\t\t<\/div>\n\t\t\t<\/div>\n\t\t<\/div>\n\t\t\t\t<div class=\"raven-grid-item raven-post-item post-11785 post type-post status-publish format-standard has-post-thumbnail hentry category-activities-challenges\">\n\t\t\t<div class=\"raven-post\">\n\t\t\t\t\t\t<div class=\"raven-post-image-wrap\">\n\t\t\t<a class=\"raven-post-image raven-image-fit\" href=\"https:\/\/www.fussball-trifft-kultur.de\/en\/final-tournament-of-fussball-trifft-kultur-with-over-600-children-from-23-cities-5\/\"><img loading=\"lazy\" decoding=\"async\" width=\"1024\" height=\"682\" src=\"https:\/\/www.fussball-trifft-kultur.de\/wp-content\/uploads\/EM24-Challenge-Siegerehrung-3-1024x682.webp\" class=\"attachment-large size-large wp-image-11751\" alt=\"Die &quot;Fu\u00dfball trifft Kultur&quot; EM24 Challenge\" srcset=\"https:\/\/www.fussball-trifft-kultur.de\/wp-content\/uploads\/EM24-Challenge-Siegerehrung-3-1024x682.webp 1024w, https:\/\/www.fussball-trifft-kultur.de\/wp-content\/uploads\/EM24-Challenge-Siegerehrung-3-300x200.webp 300w, https:\/\/www.fussball-trifft-kultur.de\/wp-content\/uploads\/EM24-Challenge-Siegerehrung-3-768x512.webp 768w, https:\/\/www.fussball-trifft-kultur.de\/wp-content\/uploads\/EM24-Challenge-Siegerehrung-3.webp 1240w\" sizes=\"(max-width: 1024px) 100vw, 1024px\" \/> <span class=\"raven-post-image-overlay\"><\/span><\/a>\t\t<\/div>\n\t\t\t\t\t\t<div class=\"raven-post-content\">\n\t\t\t\t\t\t\t<div class=\"raven-post-meta\"><a class=\"raven-post-meta-item raven-post-date\" href=\"https:\/\/www.fussball-trifft-kultur.de\/en\/2024\/11\/\" rel=\"bookmark\">26. November 2024<\/a>\n<span class=\"raven-post-meta-divider\">\/<\/span>\n<span class=\"raven-post-meta-item raven-post-categories\"><a href=\"https:\/\/www.fussball-trifft-kultur.de\/en\/category\/activities-challenges\/\" rel=\"tag\">Activities &amp; Challenges<\/a><\/span><\/div>\n\t\t<h2 class=\"raven-post-title\"><a class=\"raven-post-title-link\" href=\"https:\/\/www.fussball-trifft-kultur.de\/en\/final-tournament-of-fussball-trifft-kultur-with-over-600-children-from-23-cities-5\/\">The &#8220;Fu\u00dfball trifft Kultur&#8221; EM24 Challenge<\/a><\/h2><div class=\"raven-post-excerpt\">The European Men&#8217;s Football Championship will take place in Germany in 2024! This is an opportunity for us to give our<\/div>\t\t<div class=\"raven-post-read-more\">\n\t\t\t<a class=\"raven-post-button\" href=\"https:\/\/www.fussball-trifft-kultur.de\/en\/final-tournament-of-fussball-trifft-kultur-with-over-600-children-from-23-cities-5\/\"><span class=\"raven-post-button-text\">Read more<\/span><\/a>\n\t\t<\/div>\n\t\t\t\t\t\t<\/div>\n\t\t\t<\/div>\n\t\t<\/div>\n\t\t\t\t<div class=\"raven-grid-item raven-post-item post-11738 post type-post status-publish format-standard has-post-thumbnail hentry category-activities-challenges\">\n\t\t\t<div class=\"raven-post\">\n\t\t\t\t\t\t<div class=\"raven-post-image-wrap\">\n\t\t\t<a class=\"raven-post-image raven-image-fit\" href=\"https:\/\/www.fussball-trifft-kultur.de\/en\/final-tournament-of-fussball-trifft-kultur-with-over-600-children-from-23-cities-4\/\"><img loading=\"lazy\" decoding=\"async\" width=\"1024\" height=\"768\" src=\"https:\/\/www.fussball-trifft-kultur.de\/wp-content\/uploads\/Schwerpunktthema-Nachhaltigkeit-3-1024x768.webp\" class=\"attachment-large size-large wp-image-11743\" alt=\"Schwerpunktthema Nachhaltigkeit\" srcset=\"https:\/\/www.fussball-trifft-kultur.de\/wp-content\/uploads\/Schwerpunktthema-Nachhaltigkeit-3-1024x768.webp 1024w, https:\/\/www.fussball-trifft-kultur.de\/wp-content\/uploads\/Schwerpunktthema-Nachhaltigkeit-3-300x225.webp 300w, https:\/\/www.fussball-trifft-kultur.de\/wp-content\/uploads\/Schwerpunktthema-Nachhaltigkeit-3-768x576.webp 768w, https:\/\/www.fussball-trifft-kultur.de\/wp-content\/uploads\/Schwerpunktthema-Nachhaltigkeit-3.webp 1240w\" sizes=\"(max-width: 1024px) 100vw, 1024px\" \/> <span class=\"raven-post-image-overlay\"><\/span><\/a>\t\t<\/div>\n\t\t\t\t\t\t<div class=\"raven-post-content\">\n\t\t\t\t\t\t\t<div class=\"raven-post-meta\"><a class=\"raven-post-meta-item raven-post-date\" href=\"https:\/\/www.fussball-trifft-kultur.de\/en\/2024\/11\/\" rel=\"bookmark\">26. November 2024<\/a>\n<span class=\"raven-post-meta-divider\">\/<\/span>\n<span class=\"raven-post-meta-item raven-post-categories\"><a href=\"https:\/\/www.fussball-trifft-kultur.de\/en\/category\/activities-challenges\/\" rel=\"tag\">Activities &amp; Challenges<\/a><\/span><\/div>\n\t\t<h2 class=\"raven-post-title\"><a class=\"raven-post-title-link\" href=\"https:\/\/www.fussball-trifft-kultur.de\/en\/final-tournament-of-fussball-trifft-kultur-with-over-600-children-from-23-cities-4\/\">Fu\u00dfball trifft Kultur &#8211; Sustainability in the clubs<\/a><\/h2><div class=\"raven-post-excerpt\">Implementation of the key topic of sustainability in the programs From January 2023, our program groups focused on the topic of<\/div>\t\t<div class=\"raven-post-read-more\">\n\t\t\t<a class=\"raven-post-button\" href=\"https:\/\/www.fussball-trifft-kultur.de\/en\/final-tournament-of-fussball-trifft-kultur-with-over-600-children-from-23-cities-4\/\"><span class=\"raven-post-button-text\">Read more<\/span><\/a>\n\t\t<\/div>\n\t\t\t\t\t\t<\/div>\n\t\t\t<\/div>\n\t\t<\/div>\n\t\t\t\t<\/div>\n\t\t\t\t<div class=\"raven-pagination\" data-settings=\"{&quot;posts_per_page&quot;:6,&quot;total_pages&quot;:6,&quot;pages_visible&quot;:7}\">\n\t\t\t<div class=\"raven-pagination-items\">\n\t\t\t\t<a class=\"raven-pagination-prev raven-pagination-item raven-pagination-disabled\" href=\"#\">&laquo; Vorige<\/a><a class=\"raven-pagination-num raven-pagination-item raven-pagination-active\" href=\"#\" data-page-num=\"1\">1<\/a><a class=\"raven-pagination-num raven-pagination-item\" href=\"#\" data-page-num=\"2\">2<\/a><a class=\"raven-pagination-num raven-pagination-item\" href=\"#\" data-page-num=\"3\">3<\/a><a class=\"raven-pagination-num raven-pagination-item\" href=\"#\" data-page-num=\"4\">4<\/a><a class=\"raven-pagination-num raven-pagination-item\" href=\"#\" data-page-num=\"5\">5<\/a><a class=\"raven-pagination-num raven-pagination-item\" href=\"#\" data-page-num=\"6\">6<\/a><a class=\"raven-pagination-next raven-pagination-item\" href=\"#\">N\u00e4chste &raquo;<\/a>\t\t\t<\/div>\n\t\t<\/div>\n\t\t\t\t\t\t<\/div>\n\t\t\t\t<\/div>\n\t\t\t\t\t<\/div>\n\t\t\t\t<\/div>\n\t\t<div class=\"elementor-element elementor-element-9f73ac0 e-flex e-con-boxed e-con e-parent\" data-id=\"9f73ac0\" data-element_type=\"container\">\n\t\t\t\t\t<div class=\"e-con-inner\">\n\t\t\t\t<div class=\"elementor-element elementor-element-acaa187 elementor-widget elementor-widget-spacer\" data-id=\"acaa187\" data-element_type=\"widget\" data-widget_type=\"spacer.default\">\n\t\t\t\t<div class=\"elementor-widget-container\">\n\t\t\t\t\t\t\t<div class=\"elementor-spacer\">\n\t\t\t<div class=\"elementor-spacer-inner\"><\/div>\n\t\t<\/div>\n\t\t\t\t\t\t<\/div>\n\t\t\t\t<\/div>\n\t\t\t\t\t<\/div>\n\t\t\t\t<\/div>\n\t\t\t\t<\/div>\n\t\t","protected":false},"excerpt":{"rendered":"<p>Latest news Home 26. November 2024 \/ Aktivit\u00e4ten &amp; Challenges Die \u201eFu\u00dfball trifft Kultur\u201c EM24 Challenge Im Jahr 2024 findet die Fu\u00dfballeuropameisterschaft der M\u00e4nner in Deutschland statt! Das ist f\u00fcr uns Anlass, unseren FtK-Programmgruppen eine besondere Challenge Read more 26. November 2024 \/ Aktivit\u00e4ten &amp; Challenges Fu\u00dfball trifft Kultur \u2013 Nachhaltigkeit in den Clubs Umsetzung [&hellip;]<\/p>\n","protected":false},"author":1,"featured_media":0,"parent":0,"menu_order":0,"comment_status":"closed","ping_status":"closed","template":"full-width.php","meta":{"_acf_changed":false,"footnotes":""},"class_list":["post-8252","page","type-page","status-publish","hentry"],"acf":[],"aioseo_notices":[],"_links":{"self":[{"href":"https:\/\/www.fussball-trifft-kultur.de\/en\/wp-json\/wp\/v2\/pages\/8252","targetHints":{"allow":["GET"]}}],"collection":[{"href":"https:\/\/www.fussball-trifft-kultur.de\/en\/wp-json\/wp\/v2\/pages"}],"about":[{"href":"https:\/\/www.fussball-trifft-kultur.de\/en\/wp-json\/wp\/v2\/types\/page"}],"author":[{"embeddable":true,"href":"https:\/\/www.fussball-trifft-kultur.de\/en\/wp-json\/wp\/v2\/users\/1"}],"replies":[{"embeddable":true,"href":"https:\/\/www.fussball-trifft-kultur.de\/en\/wp-json\/wp\/v2\/comments?post=8252"}],"version-history":[{"count":0,"href":"https:\/\/www.fussball-trifft-kultur.de\/en\/wp-json\/wp\/v2\/pages\/8252\/revisions"}],"wp:attachment":[{"href":"https:\/\/www.fussball-trifft-kultur.de\/en\/wp-json\/wp\/v2\/media?parent=8252"}],"curies":[{"name":"wp","href":"https:\/\/api.w.org\/{rel}","templated":true}]}}