{"id":8328,"date":"2024-09-04T11:37:56","date_gmt":"2024-09-04T11:37:56","guid":{"rendered":"https:\/\/www.fussball-trifft-kultur.de\/jobs-at-litcam\/"},"modified":"2026-02-03T13:21:01","modified_gmt":"2026-02-03T13:21:01","slug":"jobs-at-litcam","status":"publish","type":"page","link":"https:\/\/www.fussball-trifft-kultur.de\/en\/who-we-are\/jobs-at-litcam\/","title":{"rendered":"Jobs at LitCam"},"content":{"rendered":"\t\t<div data-elementor-type=\"wp-page\" data-elementor-id=\"8328\" class=\"elementor elementor-8328 elementor-6002\">\n\t\t\t\t<div class=\"elementor-element elementor-element-eeb6b45 e-flex e-con-boxed e-con e-parent\" data-id=\"eeb6b45\" data-element_type=\"container\" data-settings=\"{&quot;background_background&quot;:&quot;classic&quot;}\">\n\t\t\t\t\t<div class=\"e-con-inner\">\n\t\t\t\t<div class=\"elementor-element elementor-element-0f2cff0 elementor-widget__width-inherit elementor-widget elementor-widget-heading\" data-id=\"0f2cff0\" data-element_type=\"widget\" data-widget_type=\"heading.default\">\n\t\t\t\t<div class=\"elementor-widget-container\">\n\t\t\t\t\t<h1 class=\"elementor-heading-title elementor-size-default\">Jobs at \"Fu\u00dfball trifft Kultur\"<\/h1>\t\t\t\t<\/div>\n\t\t\t\t<\/div>\n\t\t\t\t\t<\/div>\n\t\t\t\t<\/div>\n\t\t<div class=\"elementor-element elementor-element-5836aba e-flex e-con-boxed e-con e-parent\" data-id=\"5836aba\" data-element_type=\"container\">\n\t\t\t\t\t<div class=\"e-con-inner\">\n\t\t\t\t<div class=\"elementor-element elementor-element-1e92649 elementor-align-center elementor-widget elementor-widget-raven-breadcrumbs\" data-id=\"1e92649\" data-element_type=\"widget\" data-widget_type=\"raven-breadcrumbs.default\">\n\t\t\t\t<div class=\"elementor-widget-container\">\n\t\t\t\t\t<div class=\"raven-breadcrumbs raven-breadcrumbs-default\"><div class=\"breadcrumb\">\t\t\t\t<div class=\"breadcrumb-item active\" aria-current=\"page\"><span>Home<\/span><\/div>\n\n\t\t\t\t<\/div><\/div>\t\t\t\t<\/div>\n\t\t\t\t<\/div>\n\t\t\t\t\t<\/div>\n\t\t\t\t<\/div>\n\t\t<div class=\"elementor-element elementor-element-99967a5 e-flex e-con-boxed e-con e-parent\" data-id=\"99967a5\" data-element_type=\"container\">\n\t\t\t\t\t<div class=\"e-con-inner\">\n\t\t<div class=\"elementor-element elementor-element-f806be1 e-con-full e-flex e-con e-child\" data-id=\"f806be1\" data-element_type=\"container\">\n\t\t\t\t<div class=\"elementor-element elementor-element-2aac7c9 elementor-widget elementor-widget-heading\" data-id=\"2aac7c9\" data-element_type=\"widget\" data-widget_type=\"heading.default\">\n\t\t\t\t<div class=\"elementor-widget-container\">\n\t\t\t\t\t<h2 class=\"elementor-heading-title elementor-size-default\">There's always plenty to do here!<\/h2>\t\t\t\t<\/div>\n\t\t\t\t<\/div>\n\t\t\t\t<\/div>\n\t\t<div class=\"elementor-element elementor-element-fad3805 e-con-full e-flex e-con e-child\" data-id=\"fad3805\" data-element_type=\"container\">\n\t\t\t\t<div class=\"elementor-element elementor-element-9daa369 elementor-widget__width-initial elementor-widget elementor-widget-text-editor\" data-id=\"9daa369\" data-element_type=\"widget\" data-widget_type=\"text-editor.default\">\n\t\t\t\t<div class=\"elementor-widget-container\">\n\t\t\t\t\t\t\t\t\t<p>For our projects, we are looking for motivated teachers or students in higher semesters for our lessons and soccer training. Become part of our dedicated team and contribute to more educational justice and equal opportunities in Germany. We look forward to receiving your application!  <\/p>\t\t\t\t\t\t\t\t<\/div>\n\t\t\t\t<\/div>\n\t\t\t\t<\/div>\n\t\t\t\t\t<\/div>\n\t\t\t\t<\/div>\n\t\t<div class=\"elementor-element elementor-element-5424ab7 e-flex e-con-boxed e-con e-parent\" data-id=\"5424ab7\" data-element_type=\"container\" data-settings=\"{&quot;background_background&quot;:&quot;classic&quot;}\">\n\t\t\t\t\t<div class=\"e-con-inner\">\n\t\t<div class=\"elementor-element elementor-element-115cf32 e-con-full e-flex e-con e-child\" data-id=\"115cf32\" data-element_type=\"container\">\n\t\t\t\t<div class=\"elementor-element elementor-element-60fd024 elementor-widget elementor-widget-heading\" data-id=\"60fd024\" data-element_type=\"widget\" data-widget_type=\"heading.default\">\n\t\t\t\t<div class=\"elementor-widget-container\">\n\t\t\t\t\t<h2 class=\"elementor-heading-title elementor-size-default\">Our current tenders:<\/h2>\t\t\t\t<\/div>\n\t\t\t\t<\/div>\n\t\t\t\t<\/div>\n\t\t\t\t\t<\/div>\n\t\t\t\t<\/div>\n\t\t<div class=\"elementor-element elementor-element-216efcc e-flex e-con-boxed e-con e-parent\" data-id=\"216efcc\" data-element_type=\"container\" data-settings=\"{&quot;background_background&quot;:&quot;classic&quot;}\">\n\t\t\t\t\t<div class=\"e-con-inner\">\n\t\t<div class=\"elementor-element elementor-element-60680da e-con-full e-flex e-con e-child\" data-id=\"60680da\" data-element_type=\"container\">\n\t\t\t\t<div class=\"elementor-element elementor-element-af74570 elementor-hidden-desktop elementor-hidden-tablet elementor-hidden-mobile elementor-widget elementor-widget-accordion\" data-id=\"af74570\" data-element_type=\"widget\" data-widget_type=\"accordion.default\">\n\t\t\t\t<div class=\"elementor-widget-container\">\n\t\t\t\t\t\t\t<div class=\"elementor-accordion\">\n\t\t\t\t\t\t\t<div class=\"elementor-accordion-item\">\n\t\t\t\t\t<div id=\"elementor-tab-title-1831\" class=\"elementor-tab-title\" data-tab=\"1\" role=\"button\" aria-controls=\"elementor-tab-content-1831\" aria-expanded=\"false\">\n\t\t\t\t\t\t\t\t\t\t\t\t\t<span class=\"elementor-accordion-icon elementor-accordion-icon-right\" aria-hidden=\"true\">\n\t\t\t\t\t\t\t\t\t\t\t\t\t\t\t<span class=\"elementor-accordion-icon-closed\"><svg class=\"e-font-icon-svg e-fas-caret-down\" viewBox=\"0 0 320 512\" xmlns=\"http:\/\/www.w3.org\/2000\/svg\"><path d=\"M31.3 192h257.3c17.8 0 26.7 21.5 14.1 34.1L174.1 354.8c-7.8 7.8-20.5 7.8-28.3 0L17.2 226.1C4.6 213.5 13.5 192 31.3 192z\"><\/path><\/svg><\/span>\n\t\t\t\t\t\t\t\t<span class=\"elementor-accordion-icon-opened\"><svg class=\"e-font-icon-svg e-fas-caret-up\" viewBox=\"0 0 320 512\" xmlns=\"http:\/\/www.w3.org\/2000\/svg\"><path d=\"M288.662 352H31.338c-17.818 0-26.741-21.543-14.142-34.142l128.662-128.662c7.81-7.81 20.474-7.81 28.284 0l128.662 128.662c12.6 12.599 3.676 34.142-14.142 34.142z\"><\/path><\/svg><\/span>\n\t\t\t\t\t\t\t\t\t\t\t\t\t\t<\/span>\n\t\t\t\t\t\t\t\t\t\t\t\t<a class=\"elementor-accordion-title\" tabindex=\"0\">Gelsenkirchen: Program teacher for \"Fu\u00dfball trifft Kultur\"<\/a>\n\t\t\t\t\t<\/div>\n\t\t\t\t\t<div id=\"elementor-tab-content-1831\" class=\"elementor-tab-content elementor-clearfix\" data-tab=\"1\" role=\"region\" aria-labelledby=\"elementor-tab-title-1831\"><p><strong>About the program<\/strong><\/p>\n<p>&#8220;Fu\u00dfball trifft Kultur&#8221; (FTK) is an integrative educational program that improves opportunities for children in grades 3 to 6 from disadvantaged neighborhoods. With the combination of soccer, language and culture, it promotes the children&#8217;s language and social skills, trains their learning behavior and strengthens their self-confidence.  It takes place at 33 locations in 23 cities together with 24 Bundesliga clubs. The DFL Foundation has been a nationwide cooperation partner since 2012.<\/p>\n<p>A &#8220;Fu\u00dfball trifft Kultur&#8221; group consists of up to 24 children, divided into two groups of 12 children each, who receive 45 minutes of soccer training and lessons twice a week. The football training takes place in cooperation with FC Schalke 04.   <\/p>\n<p>For our &#8220;Fu\u00dfball trifft Kultur&#8221; program at the Kurt-Schumacher-Stra\u00dfe elementary school <strong>in Gelsenkirchen<\/strong>, we are now looking for a dedicated <strong>program teacher<\/strong> on a freelance basis.<\/p>\n<p><strong>Your area of responsibility<\/strong><\/p>\n<ul>\n<li>Planning and implementation of lessons (two lessons twice a week)<\/li>\n<li>Planning and accompanying cultural events of the program group<\/li>\n<li>Supervision of the program group at the annual final tournament together with the program trainer<\/li>\n<\/ul>\n<p><strong>Your profile<\/strong><\/p>\n<ul>\n<li>Student teacher or student of education<\/li>\n<li>Preferably with a focus on German as a second or foreign language<\/li>\n<li>First teaching experience<\/li>\n<li>Interest in working on a nationwide integrative education project<\/li>\n<li>Good access to children of the 3rd to 4th grade <\/li>\n<li>Reliability<\/li>\n<\/ul>\n<p><strong>What you can look forward to<\/strong><\/p>\n<ul>\n<li>Fee of 27\u20ac per hour<\/li>\n<li>Valuable experience in the teaching profession and in front of classes<\/li>\n<li>Possible crediting of hours to the recognition period<\/li>\n<li>Receipt of a certificate of employment<\/li>\n<li>Interesting workshops at biannual network meetings with all program teachers and trainers from the program locations<\/li>\n<li>The chance to give children better educational opportunities on their future path<\/li>\n<\/ul>\n<p>You can find more information at: <a href=\"https:\/\/www.fussball-trifft-kultur.de\/en\/\" target=\"_blank\" rel=\"noopener\">www.fussball-trifft-kultur.de<\/a><\/p>\n<p>Please send applications electronically to: <a href=\"mailto:info@litcam.de\">info@litcam.de<\/a><\/p>\n<\/div>\n\t\t\t\t<\/div>\n\t\t\t\t\t\t\t\t<\/div>\n\t\t\t\t\t\t<\/div>\n\t\t\t\t<\/div>\n\t\t\t\t<\/div>\n\t\t\t\t\t<\/div>\n\t\t\t\t<\/div>\n\t\t<div class=\"elementor-element elementor-element-65d59dc elementor-hidden-desktop elementor-hidden-tablet elementor-hidden-mobile e-flex e-con-boxed e-con e-parent\" data-id=\"65d59dc\" data-element_type=\"container\" data-settings=\"{&quot;background_background&quot;:&quot;classic&quot;}\">\n\t\t\t\t\t<div class=\"e-con-inner\">\n\t\t<div class=\"elementor-element elementor-element-32b0516 e-con-full e-flex e-con e-child\" data-id=\"32b0516\" data-element_type=\"container\">\n\t\t\t\t<div class=\"elementor-element elementor-element-e650276 elementor-widget elementor-widget-accordion\" data-id=\"e650276\" data-element_type=\"widget\" data-widget_type=\"accordion.default\">\n\t\t\t\t<div class=\"elementor-widget-container\">\n\t\t\t\t\t\t\t<div class=\"elementor-accordion\">\n\t\t\t\t\t\t\t<div class=\"elementor-accordion-item\">\n\t\t\t\t\t<div id=\"elementor-tab-title-2411\" class=\"elementor-tab-title\" data-tab=\"1\" role=\"button\" aria-controls=\"elementor-tab-content-2411\" aria-expanded=\"false\">\n\t\t\t\t\t\t\t\t\t\t\t\t\t<span class=\"elementor-accordion-icon elementor-accordion-icon-right\" aria-hidden=\"true\">\n\t\t\t\t\t\t\t\t\t\t\t\t\t\t\t<span class=\"elementor-accordion-icon-closed\"><svg class=\"e-font-icon-svg e-fas-caret-down\" viewBox=\"0 0 320 512\" xmlns=\"http:\/\/www.w3.org\/2000\/svg\"><path d=\"M31.3 192h257.3c17.8 0 26.7 21.5 14.1 34.1L174.1 354.8c-7.8 7.8-20.5 7.8-28.3 0L17.2 226.1C4.6 213.5 13.5 192 31.3 192z\"><\/path><\/svg><\/span>\n\t\t\t\t\t\t\t\t<span class=\"elementor-accordion-icon-opened\"><svg class=\"e-font-icon-svg e-fas-minus\" viewBox=\"0 0 448 512\" xmlns=\"http:\/\/www.w3.org\/2000\/svg\"><path d=\"M416 208H32c-17.67 0-32 14.33-32 32v32c0 17.67 14.33 32 32 32h384c17.67 0 32-14.33 32-32v-32c0-17.67-14.33-32-32-32z\"><\/path><\/svg><\/span>\n\t\t\t\t\t\t\t\t\t\t\t\t\t\t<\/span>\n\t\t\t\t\t\t\t\t\t\t\t\t<a class=\"elementor-accordion-title\" tabindex=\"0\">D\u00fcsseldorf: Program teacher for \"Fu\u00dfball trifft Kultur\"<\/a>\n\t\t\t\t\t<\/div>\n\t\t\t\t\t<div id=\"elementor-tab-content-2411\" class=\"elementor-tab-content elementor-clearfix\" data-tab=\"1\" role=\"region\" aria-labelledby=\"elementor-tab-title-2411\"><p><strong>About the program<\/strong><\/p>\n<p>&#8220;Fu\u00dfball trifft Kultur&#8221; is an integrative educational program that improves opportunities for children in grades 3 to 6 from disadvantaged neighborhoods. With the combination of soccer, language and culture, it promotes the children&#8217;s language and social skills, trains their learning behavior and strengthens their self-confidence. It takes place at 34 locations in 24 cities together with 24 Bundesliga clubs. The DFL Foundation has been a nationwide cooperation partner since 2012. A &#8220;Fu\u00dfball trifft Kultur&#8221; group consists of up to 24 children in 3rd\/4th or 5th\/6th grade. Divided into two groups of 12 children each, they receive 45 minutes of soccer training and lessons twice a week. The soccer training takes place in cooperation with F95 Fortuna D\u00fcsseldorf.        <\/p>\n<p>For our &#8220;Fu\u00dfball trifft Kultur&#8221; program at the Flurstra\u00dfe municipal elementary school in D\u00fcsseldorf, we are looking for <strong>a program teacher<\/strong> on a freelance basis with immediate effect<\/p>\n<p><strong>Your area of responsibility<\/strong><\/p>\n<ul>\n<li>Planning and implementation of lessons (two lessons twice a week)<\/li>\n<li>Planning and accompanying cultural events of the program group<\/li>\n<li>Supervision of the program group at the annual final tournament together with the program trainer<\/li>\n<\/ul>\n<p><strong>Your profile<\/strong><\/p>\n<ul>\n<li>Student teacher or student of education<\/li>\n<li>Preferably with a focus on German as a second or foreign language<\/li>\n<li>First teaching experience<\/li>\n<li>Interest in working on a nationwide integrative educational program<\/li>\n<li>Good access to children of the 3. &#8211; 4th grade<\/li>\n<li>Reliability<\/li>\n<\/ul>\n<p><strong>What you can look forward to<\/strong><\/p>\n<ul>\n<li>Fee of 27\u20ac per hour<\/li>\n<li>Valuable experience in the teaching profession and in front of classes<\/li>\n<li>Possible crediting of hours to the recognition period<\/li>\n<li>Receipt of a certificate of employment<\/li>\n<li>Testing the teaching personality without correcting class tests and awarding grades<\/li>\n<li>Interesting training opportunities at twice-yearly network meetings with all program teachers and trainers at the program locations and digital training opportunities<\/li>\n<li>Contacts with schools and teachers from all over Germany<\/li>\n<li>The chance to give children better educational opportunities on their future path<\/li>\n<\/ul>\n<p>You can find more information at: <a href=\"https:\/\/www.fussball-trifft-kultur.de\/en\/\" target=\"_blank\" rel=\"noopener\">www.fussball-trifft-kultur.de<\/a><\/p>\n<p>Please send applications electronically to: <a href=\"mailto:info@litcam.de\">info@litcam.de<\/a><\/p>\n<p><a href=\"https:\/\/www.fussball-trifft-kultur.de\/wp-content\/uploads\/2024\/09\/20240228_Projektlehrer_bei_Fuball_trifft_Kultur_DS.pdf\" target=\"_blank\" rel=\"noopener\">Download job advertisement<\/a><\/p>\n<\/div>\n\t\t\t\t<\/div>\n\t\t\t\t\t\t\t<div class=\"elementor-accordion-item\">\n\t\t\t\t\t<div id=\"elementor-tab-title-2412\" class=\"elementor-tab-title\" data-tab=\"2\" role=\"button\" aria-controls=\"elementor-tab-content-2412\" aria-expanded=\"false\">\n\t\t\t\t\t\t\t\t\t\t\t\t\t<span class=\"elementor-accordion-icon elementor-accordion-icon-right\" aria-hidden=\"true\">\n\t\t\t\t\t\t\t\t\t\t\t\t\t\t\t<span class=\"elementor-accordion-icon-closed\"><svg class=\"e-font-icon-svg e-fas-caret-down\" viewBox=\"0 0 320 512\" xmlns=\"http:\/\/www.w3.org\/2000\/svg\"><path d=\"M31.3 192h257.3c17.8 0 26.7 21.5 14.1 34.1L174.1 354.8c-7.8 7.8-20.5 7.8-28.3 0L17.2 226.1C4.6 213.5 13.5 192 31.3 192z\"><\/path><\/svg><\/span>\n\t\t\t\t\t\t\t\t<span class=\"elementor-accordion-icon-opened\"><svg class=\"e-font-icon-svg e-fas-minus\" viewBox=\"0 0 448 512\" xmlns=\"http:\/\/www.w3.org\/2000\/svg\"><path d=\"M416 208H32c-17.67 0-32 14.33-32 32v32c0 17.67 14.33 32 32 32h384c17.67 0 32-14.33 32-32v-32c0-17.67-14.33-32-32-32z\"><\/path><\/svg><\/span>\n\t\t\t\t\t\t\t\t\t\t\t\t\t\t<\/span>\n\t\t\t\t\t\t\t\t\t\t\t\t<a class=\"elementor-accordion-title\" tabindex=\"0\">Gelsenkirchen: Program trainer for \"Fu\u00dfball trifft Kultur\"<\/a>\n\t\t\t\t\t<\/div>\n\t\t\t\t\t<div id=\"elementor-tab-content-2412\" class=\"elementor-tab-content elementor-clearfix\" data-tab=\"2\" role=\"region\" aria-labelledby=\"elementor-tab-title-2412\"><p><strong>About the program<\/strong><\/p>\n<p>&#8220;Fu\u00dfball trifft Kultur&#8221; (FTK) was launched by LitCam in 2007 and aims to give children in need of support (from promoting language and movement to strengthening social skills) the chance of a better education. It has since become an integrative educational program that is carried out at 34 locations in 24 cities together with 24 Bundesliga clubs. <\/p>\n<p>The DFL Foundation has been a nationwide cooperation partner since 2012. The combination of soccer training, remedial lessons and cultural activities improves the children&#8217;s social and communicative behavior, strengthens their motivation to learn and awakens their interest in cultural topics. The children are driven by their enthusiasm for soccer, improve their language skills through play and participate more actively in lessons. This also has a positive effect on their self-esteem.   <\/p>\n<p>For our &#8220;Fu\u00dfball trifft Kultur&#8221; program at the Berger Feld comprehensive school in Gelsenkirchen (Thursday 14:15-15:50) we are now looking for a committed trainer.<\/p>\n<p><strong>Your area of responsibility<\/strong><\/p>\n<ul>\n<li>Planning and implementation of lessons (two lessons twice a week)<\/li>\n<li>Planning and accompanying cultural events of the program group<\/li>\n<li>Supervision of the program group at the annual final tournament together with the program trainer<\/li>\n<\/ul>\n<p><strong>Your profile<\/strong><\/p>\n<ul>\n<li>Student of sports science or sports education<\/li>\n<li>First training experience<\/li>\n<li>Interest in working on a nationwide integrative education project<\/li>\n<li>Good access to children in 3rd &#8211; 6th grade<\/li>\n<li>Reliability<\/li>\n<li>Trainer&#8217;s license C (desired)<\/li>\n<\/ul>\n<p><strong>What you can look forward to<\/strong><\/p>\n<ul>\n<li>Fee of 27\u20ac per hour<\/li>\n<li>Valuable experience in the coaching profession and in front of classes<\/li>\n<li>Possible crediting of hours to the recognition period<\/li>\n<li>Receipt of a certificate of employment<\/li>\n<li>Interesting workshops at twice-yearly network meetings and digital training opportunities<\/li>\n<li>The chance to give children better educational opportunities on their future path<\/li>\n<\/ul>\n<p>You can find more information at: <a href=\"https:\/\/www.fussball-trifft-kultur.de\/en\/\" target=\"_blank\" rel=\"noopener\">www.fussball-trifft-kultur.de<\/a><\/p>\n<p>Please send applications electronically to: <a href=\"mailto:info@litcam.de\">info@litcam.de<\/a><\/p>\n<p><a href=\"https:\/\/www.fussball-trifft-kultur.de\/wp-content\/uploads\/2024\/09\/20240228_Projektlehrer_bei_Fuball_trifft_Kultur_DS-2.pdf\" target=\"_blank\" rel=\"noopener\">Download job advertisement<\/a><\/p>\n<\/div>\n\t\t\t\t<\/div>\n\t\t\t\t\t\t\t<div class=\"elementor-accordion-item\">\n\t\t\t\t\t<div id=\"elementor-tab-title-2413\" class=\"elementor-tab-title\" data-tab=\"3\" role=\"button\" aria-controls=\"elementor-tab-content-2413\" aria-expanded=\"false\">\n\t\t\t\t\t\t\t\t\t\t\t\t\t<span class=\"elementor-accordion-icon elementor-accordion-icon-right\" aria-hidden=\"true\">\n\t\t\t\t\t\t\t\t\t\t\t\t\t\t\t<span class=\"elementor-accordion-icon-closed\"><svg class=\"e-font-icon-svg e-fas-caret-down\" viewBox=\"0 0 320 512\" xmlns=\"http:\/\/www.w3.org\/2000\/svg\"><path d=\"M31.3 192h257.3c17.8 0 26.7 21.5 14.1 34.1L174.1 354.8c-7.8 7.8-20.5 7.8-28.3 0L17.2 226.1C4.6 213.5 13.5 192 31.3 192z\"><\/path><\/svg><\/span>\n\t\t\t\t\t\t\t\t<span class=\"elementor-accordion-icon-opened\"><svg class=\"e-font-icon-svg e-fas-minus\" viewBox=\"0 0 448 512\" xmlns=\"http:\/\/www.w3.org\/2000\/svg\"><path d=\"M416 208H32c-17.67 0-32 14.33-32 32v32c0 17.67 14.33 32 32 32h384c17.67 0 32-14.33 32-32v-32c0-17.67-14.33-32-32-32z\"><\/path><\/svg><\/span>\n\t\t\t\t\t\t\t\t\t\t\t\t\t\t<\/span>\n\t\t\t\t\t\t\t\t\t\t\t\t<a class=\"elementor-accordion-title\" tabindex=\"0\">Cologne: Program teacher for \"Fu\u00dfball trifft Kultur\"<\/a>\n\t\t\t\t\t<\/div>\n\t\t\t\t\t<div id=\"elementor-tab-content-2413\" class=\"elementor-tab-content elementor-clearfix\" data-tab=\"3\" role=\"region\" aria-labelledby=\"elementor-tab-title-2413\"><p><strong>About the program<\/strong><\/p>\n<p>&#8220;Fu\u00dfball trifft Kultur&#8221; is an integrative educational program that improves opportunities for children in grades 3 to 6 from disadvantaged neighborhoods. With the combination of soccer, language and culture, it promotes the children&#8217;s language and social skills, trains their learning behavior and strengthens their self-confidence. It takes place at 34 locations in 24 cities together with 24 Bundesliga clubs. The DFL Foundation has been a nationwide cooperation partner since 2012. A &#8220;Fu\u00dfball trifft Kultur&#8221; group consists of up to 24 children from the 3rd\/4th grade. or 5th\/6th Class. Divided into two groups of 12 children each, they receive 45 minutes of soccer training and lessons twice a week. The soccer training takes place in cooperation with 1. FC K\u00f6ln.<\/p>\n<p>For our &#8220;Fu\u00dfball trifft Kultur&#8221; program at GGS Lustheider Stra\u00dfe in Cologne, we are looking for a program teacher on a freelance basis, probably starting in May 2024<\/p>\n<p><strong>Your area of responsibility<\/strong><\/p>\n<ul>\n<li>Planning and implementation of lessons (two lessons twice a week)<\/li>\n<li>Planning and accompanying cultural events of the program group<\/li>\n<li>Supervision of the program group at the annual final tournament together with the program trainer<\/li>\n<\/ul>\n<p><strong>Your profile<\/strong><\/p>\n<ul>\n<li>Student teacher or student of education<\/li>\n<li>Preferably with a focus on German as a second or foreign language<\/li>\n<li>First teaching experience<\/li>\n<li>Interest in working on a nationwide integrative educational program<\/li>\n<li>Good access to children of the 3. &#8211; 4th grade<\/li>\n<li>Reliability<\/li>\n<\/ul>\n<p><strong>What you can look forward to<\/strong><\/p>\n<ul>\n<li>Fee of 27\u20ac per hour<\/li>\n<li>Valuable experience in the coaching profession and in front of classes<\/li>\n<li>Possible crediting of hours to the recognition period<\/li>\n<li>Receipt of a certificate of employment<\/li>\n<li>Interesting workshops at twice-yearly network meetings and digital training opportunities<\/li>\n<li>The chance to give children better educational opportunities on their future path<\/li>\n<\/ul>\n<p>You can find more information at: <a href=\"https:\/\/www.fussball-trifft-kultur.de\/en\/\" target=\"_blank\" rel=\"noopener\">www.fussball-trifft-kultur.de<\/a><\/p>\n<p>Please send applications electronically to: <a href=\"mailto:info@litcam.de\">info@litcam.de<\/a><\/p>\n<p><a href=\"https:\/\/www.fussball-trifft-kultur.de\/wp-content\/uploads\/2024\/09\/20240224_Projektlehrer_bei_Fuball_trifft_Kultur_K.pdf\" target=\"_blank\" rel=\"noopener\">Download job advertisement<\/a><\/p>\n<\/div>\n\t\t\t\t<\/div>\n\t\t\t\t\t\t\t\t<\/div>\n\t\t\t\t\t\t<\/div>\n\t\t\t\t<\/div>\n\t\t\t\t<\/div>\n\t\t\t\t\t<\/div>\n\t\t\t\t<\/div>\n\t\t\t\t<\/div>\n\t\t","protected":false},"excerpt":{"rendered":"<p>Jobs at &#8220;Fu\u00dfball trifft Kultur&#8221; Home There&#8217;s always plenty to do here! For our projects, we are looking for motivated teachers or students in higher semesters for our lessons and soccer training. Become part of our dedicated team and contribute to more educational justice and equal opportunities in Germany. We look forward to receiving your [&hellip;]<\/p>\n","protected":false},"author":1,"featured_media":0,"parent":8329,"menu_order":0,"comment_status":"closed","ping_status":"closed","template":"full-width.php","meta":{"_acf_changed":false,"footnotes":""},"class_list":["post-8328","page","type-page","status-publish","hentry"],"acf":[],"aioseo_notices":[],"_links":{"self":[{"href":"https:\/\/www.fussball-trifft-kultur.de\/en\/wp-json\/wp\/v2\/pages\/8328","targetHints":{"allow":["GET"]}}],"collection":[{"href":"https:\/\/www.fussball-trifft-kultur.de\/en\/wp-json\/wp\/v2\/pages"}],"about":[{"href":"https:\/\/www.fussball-trifft-kultur.de\/en\/wp-json\/wp\/v2\/types\/page"}],"author":[{"embeddable":true,"href":"https:\/\/www.fussball-trifft-kultur.de\/en\/wp-json\/wp\/v2\/users\/1"}],"replies":[{"embeddable":true,"href":"https:\/\/www.fussball-trifft-kultur.de\/en\/wp-json\/wp\/v2\/comments?post=8328"}],"version-history":[{"count":8,"href":"https:\/\/www.fussball-trifft-kultur.de\/en\/wp-json\/wp\/v2\/pages\/8328\/revisions"}],"predecessor-version":[{"id":15068,"href":"https:\/\/www.fussball-trifft-kultur.de\/en\/wp-json\/wp\/v2\/pages\/8328\/revisions\/15068"}],"up":[{"embeddable":true,"href":"https:\/\/www.fussball-trifft-kultur.de\/en\/wp-json\/wp\/v2\/pages\/8329"}],"wp:attachment":[{"href":"https:\/\/www.fussball-trifft-kultur.de\/en\/wp-json\/wp\/v2\/media?parent=8328"}],"curies":[{"name":"wp","href":"https:\/\/api.w.org\/{rel}","templated":true}]}}